{"id":892,"date":"2026-02-23T17:06:01","date_gmt":"2026-02-23T15:06:01","guid":{"rendered":"https:\/\/kinnisvaralaen.ee\/?page_id=892"},"modified":"2026-02-23T17:47:06","modified_gmt":"2026-02-23T15:47:06","slug":"taname","status":"publish","type":"page","link":"https:\/\/kinnisvaralaen.ee\/et\/taname\/","title":{"rendered":"Taotlus on esitatud"},"content":{"rendered":"\n<div class=\"wp-block-group has-global-padding is-layout-constrained wp-block-group-is-layout-constrained\" style=\"margin-top:0px;margin-bottom:0px\">\n<figure class=\"wp-block-image size-large\"><img loading=\"lazy\" decoding=\"async\" width=\"1024\" height=\"398\" src=\"https:\/\/kinnisvaralaen.ee\/wp-content\/uploads\/2026\/02\/check-1-1024x398.png\" alt=\"\" class=\"wp-image-900\" srcset=\"https:\/\/kinnisvaralaen.ee\/wp-content\/uploads\/2026\/02\/check-1-1024x398.png 1024w, https:\/\/kinnisvaralaen.ee\/wp-content\/uploads\/2026\/02\/check-1-300x117.png 300w, https:\/\/kinnisvaralaen.ee\/wp-content\/uploads\/2026\/02\/check-1-768x299.png 768w, https:\/\/kinnisvaralaen.ee\/wp-content\/uploads\/2026\/02\/check-1-18x7.png 18w, https:\/\/kinnisvaralaen.ee\/wp-content\/uploads\/2026\/02\/check-1.png 1440w\" sizes=\"auto, (max-width: 1024px) 100vw, 1024px\" \/><\/figure>\n\n\n\n<p class=\"wp-block-paragraph\"><strong>Taotlus esitatud! <\/strong><br>T\u00e4name taotluse esitamise eest.&nbsp;K\u00fcsimuste korral v\u00f5tke meiega \u00fchendust<br><br><strong>Application submitted!<\/strong><br>Thank you for submitting your application. Please contact us if you have any questions.<\/p>\n\n\n\n<p class=\"wp-block-paragraph\"><strong><a href=\"tel:+3725030770\">+372 50 30 770<\/a><\/strong><br><a href=\"mailto:info@kinnisvaralaen.ee\">info@kinnisvaralaen.ee<\/a><\/p>\n<\/div>\n","protected":false},"excerpt":{"rendered":"<p>Taotlus esitatud! T\u00e4name taotluse esitamise eest.&nbsp;K\u00fcsimuste korral v\u00f5tke meiega \u00fchendust Application submitted!Thank you for submitting your application. Please contact us if you have any questions. +372 50 30 770info@kinnisvaralaen.ee<\/p>\n","protected":false},"author":1,"featured_media":0,"parent":0,"menu_order":0,"comment_status":"closed","ping_status":"closed","template":"","meta":{"_crdt_document":"","footnotes":""},"class_list":["post-892","page","type-page","status-publish","hentry"],"_links":{"self":[{"href":"https:\/\/kinnisvaralaen.ee\/et\/wp-json\/wp\/v2\/pages\/892","targetHints":{"allow":["GET"]}}],"collection":[{"href":"https:\/\/kinnisvaralaen.ee\/et\/wp-json\/wp\/v2\/pages"}],"about":[{"href":"https:\/\/kinnisvaralaen.ee\/et\/wp-json\/wp\/v2\/types\/page"}],"author":[{"embeddable":true,"href":"https:\/\/kinnisvaralaen.ee\/et\/wp-json\/wp\/v2\/users\/1"}],"replies":[{"embeddable":true,"href":"https:\/\/kinnisvaralaen.ee\/et\/wp-json\/wp\/v2\/comments?post=892"}],"version-history":[{"count":7,"href":"https:\/\/kinnisvaralaen.ee\/et\/wp-json\/wp\/v2\/pages\/892\/revisions"}],"predecessor-version":[{"id":910,"href":"https:\/\/kinnisvaralaen.ee\/et\/wp-json\/wp\/v2\/pages\/892\/revisions\/910"}],"wp:attachment":[{"href":"https:\/\/kinnisvaralaen.ee\/et\/wp-json\/wp\/v2\/media?parent=892"}],"curies":[{"name":"wp","href":"https:\/\/api.w.org\/{rel}","templated":true}]}}