{"id":558,"date":"2025-05-25T18:08:31","date_gmt":"2025-05-25T16:08:31","guid":{"rendered":"https:\/\/kinnisvaralaen.ee\/?page_id=558"},"modified":"2026-02-23T14:11:23","modified_gmt":"2026-02-23T12:11:23","slug":"hinnakiri","status":"publish","type":"page","link":"https:\/\/kinnisvaralaen.ee\/et\/hinnakiri\/","title":{"rendered":"Hinnakiri"},"content":{"rendered":"\n<h2 class=\"wp-block-heading\"><strong>Hinnakiri<\/strong><\/h2>\n\n\n\n<figure class=\"wp-block-table\"><table class=\"has-fixed-layout\"><tbody><tr><td>Kohustistasu<\/td><td>puudub<\/td><\/tr><tr><td>Ennet\u00e4htaegne tagastamine<\/td><td>Kui laenusumma tagastatakse enne neljanda kuu m\u00f6\u00f6dumist laenu v\u00e4ljastamisest, tuleb siiski tasuda esimese kolme kuu intressimakse.<br>Peale neljandat kuud laenu ennet\u00e4htaegselt tagastamisel tasu puudub, tasutakse lepinguj\u00e4rgne intress vastavalt tagastamise kuup\u00e4evale.<\/td><\/tr><tr><td>Lepingutasu lepingu s\u00f5lmimisel<br><br><em>Lepingutasu peetakse kinni laenusumma v\u00e4ljamaksmisel.<\/em><\/td><td>1,75% &#8211; 2,5% laenusummast<\/td><\/tr><tr><td>Laenulepingu pikendamine v\u00f5i muutmine<\/td><td>0,5% &#8211; 2% laenusummast<\/td><\/tr><tr><td>Meeldetuletuskiri<\/td><td>40\u20ac<\/td><\/tr><\/tbody><\/table><\/figure>\n","protected":false},"excerpt":{"rendered":"<p>Hinnakiri Kohustistasu puudub Ennet\u00e4htaegne tagastamine Kui laenusumma tagastatakse enne neljanda kuu m\u00f6\u00f6dumist laenu v\u00e4ljastamisest, tuleb siiski tasuda esimese kolme kuu intressimakse.Peale neljandat kuud laenu ennet\u00e4htaegselt tagastamisel tasu puudub, tasutakse lepinguj\u00e4rgne intress vastavalt tagastamise kuup\u00e4evale. Lepingutasu lepingu s\u00f5lmimisel Lepingutasu peetakse kinni laenusumma v\u00e4ljamaksmisel. 1,75% &#8211; 2,5% laenusummast Laenulepingu pikendamine v\u00f5i muutmine 0,5% &#8211; 2% laenusummast Meeldetuletuskiri [&hellip;]<\/p>\n","protected":false},"author":1,"featured_media":0,"parent":0,"menu_order":0,"comment_status":"closed","ping_status":"closed","template":"wp-custom-template-page-with-form","meta":{"_crdt_document":"","footnotes":""},"class_list":["post-558","page","type-page","status-publish","hentry"],"_links":{"self":[{"href":"https:\/\/kinnisvaralaen.ee\/et\/wp-json\/wp\/v2\/pages\/558","targetHints":{"allow":["GET"]}}],"collection":[{"href":"https:\/\/kinnisvaralaen.ee\/et\/wp-json\/wp\/v2\/pages"}],"about":[{"href":"https:\/\/kinnisvaralaen.ee\/et\/wp-json\/wp\/v2\/types\/page"}],"author":[{"embeddable":true,"href":"https:\/\/kinnisvaralaen.ee\/et\/wp-json\/wp\/v2\/users\/1"}],"replies":[{"embeddable":true,"href":"https:\/\/kinnisvaralaen.ee\/et\/wp-json\/wp\/v2\/comments?post=558"}],"version-history":[{"count":9,"href":"https:\/\/kinnisvaralaen.ee\/et\/wp-json\/wp\/v2\/pages\/558\/revisions"}],"predecessor-version":[{"id":854,"href":"https:\/\/kinnisvaralaen.ee\/et\/wp-json\/wp\/v2\/pages\/558\/revisions\/854"}],"wp:attachment":[{"href":"https:\/\/kinnisvaralaen.ee\/et\/wp-json\/wp\/v2\/media?parent=558"}],"curies":[{"name":"wp","href":"https:\/\/api.w.org\/{rel}","templated":true}]}}