{"id":558,"date":"2025-05-25T18:08:31","date_gmt":"2025-05-25T16:08:31","guid":{"rendered":"https:\/\/kinnisvaralaen.ee\/?page_id=558"},"modified":"2026-02-23T14:11:23","modified_gmt":"2026-02-23T12:11:23","slug":"hinnakiri","status":"publish","type":"page","link":"https:\/\/kinnisvaralaen.ee\/en\/hinnakiri\/","title":{"rendered":"Price List"},"content":{"rendered":"<h2 class=\"wp-block-heading\"><strong>Price List<\/strong><\/h2>\n\n\n\n<figure class=\"wp-block-table\"><table class=\"has-fixed-layout\"><tbody><tr><td>Commitment Fee<\/td><td>None<\/td><\/tr><tr><td>Early Repayment<\/td><td>If the loan amount is repaid before four months have passed since the loan was issued, the interest payments for the first three months must still be paid.<br>If the loan is repaid early after the fourth month, there is no fee; the contractual interest is paid according to the repayment date.<\/td><\/tr><tr><td>Contract Fee upon Signing the Agreement<br><br><em>The contract fee is withheld at the time of loan disbursement.<\/em><\/td><td>1.75% \u2013 2.5% of the loan amount<\/td><\/tr><tr><td>Extension or Amendment of Loan Agreement<\/td><td>0.5% \u2013 2% of the loan amount<\/td><\/tr><tr><td>Reminder Letter<\/td><td>40\u20ac<\/td><\/tr><\/tbody><\/table><\/figure>","protected":false},"excerpt":{"rendered":"<p>Hinnakiri Kohustistasu puudub Ennet\u00e4htaegne tagastamine Kui laenusumma tagastatakse enne neljanda kuu m\u00f6\u00f6dumist laenu v\u00e4ljastamisest, tuleb siiski tasuda esimese kolme kuu intressimakse.Peale neljandat kuud laenu ennet\u00e4htaegselt tagastamisel tasu puudub, tasutakse lepinguj\u00e4rgne intress vastavalt tagastamise kuup\u00e4evale. Lepingutasu lepingu s\u00f5lmimisel Lepingutasu peetakse kinni laenusumma v\u00e4ljamaksmisel. 1,75% &#8211; 2,5% laenusummast Laenulepingu pikendamine v\u00f5i muutmine 0,5% &#8211; 2% laenusummast Meeldetuletuskiri [&hellip;]<\/p>\n","protected":false},"author":1,"featured_media":0,"parent":0,"menu_order":0,"comment_status":"closed","ping_status":"closed","template":"wp-custom-template-page-with-form","meta":{"_crdt_document":"","footnotes":""},"class_list":["post-558","page","type-page","status-publish","hentry"],"_links":{"self":[{"href":"https:\/\/kinnisvaralaen.ee\/en\/wp-json\/wp\/v2\/pages\/558","targetHints":{"allow":["GET"]}}],"collection":[{"href":"https:\/\/kinnisvaralaen.ee\/en\/wp-json\/wp\/v2\/pages"}],"about":[{"href":"https:\/\/kinnisvaralaen.ee\/en\/wp-json\/wp\/v2\/types\/page"}],"author":[{"embeddable":true,"href":"https:\/\/kinnisvaralaen.ee\/en\/wp-json\/wp\/v2\/users\/1"}],"replies":[{"embeddable":true,"href":"https:\/\/kinnisvaralaen.ee\/en\/wp-json\/wp\/v2\/comments?post=558"}],"version-history":[{"count":9,"href":"https:\/\/kinnisvaralaen.ee\/en\/wp-json\/wp\/v2\/pages\/558\/revisions"}],"predecessor-version":[{"id":854,"href":"https:\/\/kinnisvaralaen.ee\/en\/wp-json\/wp\/v2\/pages\/558\/revisions\/854"}],"wp:attachment":[{"href":"https:\/\/kinnisvaralaen.ee\/en\/wp-json\/wp\/v2\/media?parent=558"}],"curies":[{"name":"wp","href":"https:\/\/api.w.org\/{rel}","templated":true}]}}