{"id":173,"date":"2024-12-27T11:01:33","date_gmt":"2024-12-27T11:01:33","guid":{"rendered":"https:\/\/kinnisvaralaen.ee\/?page_id=173"},"modified":"2026-03-25T13:35:41","modified_gmt":"2026-03-25T11:35:41","slug":"arenduslaen","status":"publish","type":"page","link":"https:\/\/kinnisvaralaen.ee\/en\/arenduslaen\/","title":{"rendered":"Development loan"},"content":{"rendered":"<h2 class=\"wp-block-heading\"><strong><strong>Kinnisvara arenduslaen<\/strong><\/strong><\/h2>\n\n\n\n<p class=\"has-medium-font-size wp-block-paragraph\"><strong>Arenduslaen on m\u00f5eldud kinnisvaraprojekti ehituskulude finantseerimiseks.<\/strong><\/p>\n\n\n\n<p class=\"wp-block-paragraph\">Vaatame \u00fcle k\u00f5ik kinnisvara arendusprojektid \u00fcle Eesti ning p\u00fc\u00fcame leida sulle parima lahenduse.<\/p>\n\n\n\n<p class=\"wp-block-paragraph\">Anal\u00fc\u00fcsime projekti ning lepime kokku etapiti finantseeritava summa l\u00e4htuvalt ehituseelarvest.<\/p>\n\n\n\n<ul class=\"wp-block-list\">\n<li>Laenusumma kuni 500 000 \u20ac<\/li>\n\n\n\n<li>LTV (loan to collateral value ratio) up to 75% or up to 70% of the construction works certificate<\/li>\n\n\n\n<li>Lisatagatisega laename kuni 100% vara v\u00e4\u00e4rtusest v\u00f5i projekti eelarvest<\/li>\n\n\n\n<li>Flexible schedules<\/li>\n\n\n\n<li>Rahastamine etappides \u2013 intressikulu vastavalt v\u00e4ljamakstud summadele<\/li>\n\n\n\n<li>Esimene rahastusetapp saab olla ka maa tagatisel<\/li>\n<\/ul>\n\n\n\n<p class=\"wp-block-paragraph\">Peale esimest kolme kuud laenu v\u00e4ljastamisest puuduvad meil laenu ennet\u00e4htaegse tagastamise tasud. Samuti puudub meil laenu kohustistasu ning muud lisatasud.<\/p>\n\n\n\n<p class=\"wp-block-paragraph\">Meil puudub korterite ettem\u00fc\u00fcgi n\u00f5ue ning me ei sea ehitajale lisatingimusi.<\/p>","protected":false},"excerpt":{"rendered":"<p>Kinnisvara arenduslaen Arenduslaen on m\u00f5eldud kinnisvaraprojekti ehituskulude finantseerimiseks. Vaatame \u00fcle k\u00f5ik kinnisvara arendusprojektid \u00fcle Eesti ning p\u00fc\u00fcame leida sulle parima lahenduse. Anal\u00fc\u00fcsime projekti ning lepime kokku etapiti finantseeritava summa l\u00e4htuvalt ehituseelarvest. Peale esimest kolme kuud laenu v\u00e4ljastamisest puuduvad meil laenu ennet\u00e4htaegse tagastamise tasud. Samuti puudub meil laenu kohustistasu ning muud lisatasud. Meil puudub korterite ettem\u00fc\u00fcgi [&hellip;]<\/p>\n","protected":false},"author":1,"featured_media":0,"parent":0,"menu_order":0,"comment_status":"closed","ping_status":"closed","template":"wp-custom-template-page-with-form","meta":{"_crdt_document":"","footnotes":""},"class_list":["post-173","page","type-page","status-publish","hentry"],"_links":{"self":[{"href":"https:\/\/kinnisvaralaen.ee\/en\/wp-json\/wp\/v2\/pages\/173","targetHints":{"allow":["GET"]}}],"collection":[{"href":"https:\/\/kinnisvaralaen.ee\/en\/wp-json\/wp\/v2\/pages"}],"about":[{"href":"https:\/\/kinnisvaralaen.ee\/en\/wp-json\/wp\/v2\/types\/page"}],"author":[{"embeddable":true,"href":"https:\/\/kinnisvaralaen.ee\/en\/wp-json\/wp\/v2\/users\/1"}],"replies":[{"embeddable":true,"href":"https:\/\/kinnisvaralaen.ee\/en\/wp-json\/wp\/v2\/comments?post=173"}],"version-history":[{"count":4,"href":"https:\/\/kinnisvaralaen.ee\/en\/wp-json\/wp\/v2\/pages\/173\/revisions"}],"predecessor-version":[{"id":983,"href":"https:\/\/kinnisvaralaen.ee\/en\/wp-json\/wp\/v2\/pages\/173\/revisions\/983"}],"wp:attachment":[{"href":"https:\/\/kinnisvaralaen.ee\/en\/wp-json\/wp\/v2\/media?parent=173"}],"curies":[{"name":"wp","href":"https:\/\/api.w.org\/{rel}","templated":true}]}}