{"id":171,"date":"2024-12-27T10:58:36","date_gmt":"2024-12-27T10:58:36","guid":{"rendered":"https:\/\/kinnisvaralaen.ee\/?page_id=171"},"modified":"2026-03-25T13:37:25","modified_gmt":"2026-03-25T11:37:25","slug":"hupoteeklaen","status":"publish","type":"page","link":"https:\/\/kinnisvaralaen.ee\/en\/hupoteeklaen\/","title":{"rendered":"Real estate loan"},"content":{"rendered":"<h2 class=\"wp-block-heading\"><strong>H\u00fcpoteeklaen \u2013 \u00e4rilaen kinnisvara tagatisel<\/strong><\/h2>\n\n\n\n<p class=\"has-medium-font-size wp-block-paragraph\"><strong>\u00c4rilaen on m\u00f5eldud ettev\u00f5tte k\u00e4ibevahendite finantseerimiseks kinnisvara tagatisel v\u00f5i kinnisvaraprojekti l\u00fchiajaliseks sildfinantseerimiseks<\/strong><\/p>\n\n\n\n<ul class=\"wp-block-list\">\n<li>Laenusumma kuni 500 000 \u20ac<\/li>\n\n\n\n<li>LTV (loan to collateral value ratio) up to 75%<\/li>\n\n\n\n<li>Lisatagatisega laename kuni 100% vara v\u00e4\u00e4rtusest<\/li>\n\n\n\n<li>Flexible schedules<\/li>\n<\/ul>\n\n\n\n<p class=\"wp-block-paragraph\">Oleme kiired &#8211; peale kogu vajaliku info edastamist saame teha laenupakkumise v\u00e4hem kui 24 tunniga ning lubada raha v\u00e4ljamaksmist 48 tunniga!<\/p>\n\n\n\n<p class=\"wp-block-paragraph\">Peale esimest kolme kuud laenu v\u00e4ljastamisest puuduvad meil laenu ennet\u00e4htaegse tagastamise tasud ning muud lisatasud.<\/p>","protected":false},"excerpt":{"rendered":"<p>H\u00fcpoteeklaen \u2013 \u00e4rilaen kinnisvara tagatisel \u00c4rilaen on m\u00f5eldud ettev\u00f5tte k\u00e4ibevahendite finantseerimiseks kinnisvara tagatisel v\u00f5i kinnisvaraprojekti l\u00fchiajaliseks sildfinantseerimiseks Oleme kiired &#8211; peale kogu vajaliku info edastamist saame teha laenupakkumise v\u00e4hem kui 24 tunniga ning lubada raha v\u00e4ljamaksmist 48 tunniga! Peale esimest kolme kuud laenu v\u00e4ljastamisest puuduvad meil laenu ennet\u00e4htaegse tagastamise tasud ning muud lisatasud.<\/p>","protected":false},"author":1,"featured_media":0,"parent":0,"menu_order":0,"comment_status":"closed","ping_status":"closed","template":"wp-custom-template-page-with-form","meta":{"_crdt_document":"","footnotes":""},"class_list":["post-171","page","type-page","status-publish","hentry"],"_links":{"self":[{"href":"https:\/\/kinnisvaralaen.ee\/en\/wp-json\/wp\/v2\/pages\/171","targetHints":{"allow":["GET"]}}],"collection":[{"href":"https:\/\/kinnisvaralaen.ee\/en\/wp-json\/wp\/v2\/pages"}],"about":[{"href":"https:\/\/kinnisvaralaen.ee\/en\/wp-json\/wp\/v2\/types\/page"}],"author":[{"embeddable":true,"href":"https:\/\/kinnisvaralaen.ee\/en\/wp-json\/wp\/v2\/users\/1"}],"replies":[{"embeddable":true,"href":"https:\/\/kinnisvaralaen.ee\/en\/wp-json\/wp\/v2\/comments?post=171"}],"version-history":[{"count":5,"href":"https:\/\/kinnisvaralaen.ee\/en\/wp-json\/wp\/v2\/pages\/171\/revisions"}],"predecessor-version":[{"id":984,"href":"https:\/\/kinnisvaralaen.ee\/en\/wp-json\/wp\/v2\/pages\/171\/revisions\/984"}],"wp:attachment":[{"href":"https:\/\/kinnisvaralaen.ee\/en\/wp-json\/wp\/v2\/media?parent=171"}],"curies":[{"name":"wp","href":"https:\/\/api.w.org\/{rel}","templated":true}]}}